{"id":3871,"date":"2018-04-14T06:04:16","date_gmt":"2018-04-14T05:04:16","guid":{"rendered":"https:\/\/luxurybabyfashion.com\/privacy-policy\/"},"modified":"2018-04-14T06:04:16","modified_gmt":"2018-04-14T05:04:16","slug":"privacy-policy","status":"publish","type":"page","link":"https:\/\/luxurybabyfashion.com\/en\/privacy-policy\/","title":{"rendered":"Privacy policy"},"content":{"rendered":"<p>[et_pb_section bb_built=&#8221;1&#8243; background_color=&#8221;#f5dcd7&#8243; _builder_version=&#8221;3.0.106&#8243; custom_padding=&#8221;6px|0px|1px|0px&#8221; next_background_color=&#8221;#ffffff&#8221; global_module=&#8221;871&#8243;][et_pb_row global_parent=&#8221;871&#8243; custom_width_percent=&#8221;100%&#8221; _builder_version=&#8221;3.0.83&#8243; background_size=&#8221;initial&#8221; background_position=&#8221;top_left&#8221; background_repeat=&#8221;repeat&#8221;][et_pb_column type=&#8221;4_4&#8243;][et_pb_post_title global_parent=&#8221;871&#8243; meta=&#8221;off&#8221; featured_image=&#8221;off&#8221; text_color=&#8221;dark&#8221; _builder_version=&#8221;3.0.106&#8243; title_font_size=&#8221;35px&#8221; title=&#8221;on&#8221; author=&#8221;on&#8221; date=&#8221;on&#8221; categories=&#8221;on&#8221; comments=&#8221;on&#8221; featured_placement=&#8221;below&#8221; text_background=&#8221;off&#8221; \/][\/et_pb_column][\/et_pb_row][\/et_pb_section][et_pb_section bb_built=&#8221;1&#8243; prev_background_color=&#8221;#f5dcd7&#8243;][et_pb_row][et_pb_column type=&#8221;4_4&#8243;][et_pb_text _builder_version=&#8221;3.0.106&#8243; background_layout=&#8221;light&#8221;]<\/p>\n<p><b>PRAVILA PRIVATNOSTI<\/b><\/p>\n<p><span style=\"font-weight: 400;\"><br \/>\n<\/span><b>Datum stupanja na snagu:<\/b><span style=\"font-weight: 400;\"> 16.04.2018.<\/span><\/p>\n<p><b>Voditelj obrade <\/b><\/p>\n<p><span style=\"font-weight: 400;\">Nata\u0161a Cifri\u0107, Letovani\u0107ka 38, 10000 Zagreb, OIB: 44601792682, vlasnica obrta LUXURY BABY FASHION, OBRT ZA PROIZVODNJU I TRGOVINU (&#8220;<\/span><b>Prodavatelj<\/b><span style=\"font-weight: 400;\">&#8220;, &#8220;<\/span><b>mi<\/b><span style=\"font-weight: 400;\">&#8221; ili &#8220;<\/span><b>nas<\/b><span style=\"font-weight: 400;\">&#8220;) po\u0161tuje Va\u0161u privatnost i obvezuje se za\u0161tititi je tijekom i nakon Va\u0161eg posjeta ovoj web stranici, s njom povezanoj mobilnoj stranici i bilo kojoj mikro stranici (koje mogu biti administrirane u ime Prodavatelja od tre\u0107e strane koja obi\u010dno djeluje kao izvr\u0161itelj obrade) kojoj se mo\u017ee pristupiti preko ove stranice (dalje u tekstu &#8220;<\/span><b>Stranica<\/b><span style=\"font-weight: 400;\">&#8220;, a zajedni\u010dki &#8220;<\/span><b>Stranice<\/b><span style=\"font-weight: 400;\">&#8220;). U tom smislu, Prodavatelj djeluje kao voditelj obrade (&#8220;<\/span><b>Voditelj obrade<\/b><span style=\"font-weight: 400;\">&#8220;). Ova pravila privatnosti (&#8220;<\/span><b>Pravila \u00a0privatnosti<\/b><span style=\"font-weight: 400;\">&#8220;) daju uvid u na\u0161e postupke u vezi s prikupljanjem informacija putem Stranica i na\u0161im kori\u0161tenjem informacija. Ova se Pravila privatnosti primjenjuju isklju\u010divo na informacije prikupljene putem Stranica i ne primjenjuju se na informacije prikupljene putem bilo kojeg drugog izvora, uklju\u010duju\u0107i, bez ograni\u010denja, Facebook\u00ae, Twitter\u00ae, YouTube\u00ae i druge web stranice tre\u0107ih strana i dru\u0161tvenih medija. Ako se ne sla\u017eete s bilo kojim uvjetom u ovim Pravilima privatnosti, nemojte koristiti Stranicu(e) ili nam davati bilo kakve osobne podatke.<\/span><\/p>\n<p><b>Vrste podataka koji se obra\u0111uju<\/b><\/p>\n<p><span style=\"font-weight: 400;\">Putem Stranice prikupljamo i pohranjujemo odre\u0111ene osobne podatke o vama (npr. informacije koje vas mogu izravno ili neizravno prepoznati, posebice pomo\u0107u identifikatora kao \u0161to su ime, identifikacijski broj, podaci o lokaciji, on-line identifikator ili jedan ili vi\u0161e \u010dimbenika specifi\u010dnih za tjelesni, fiziolo\u0161ki, geneti\u010dki, mentalni, ekonomski, kulturni ili dru\u0161tveni identitet (&#8220;<\/span><b>Osobni podaci<\/b><span style=\"font-weight: 400;\">&#8220;)). U odre\u0111enim slu\u010dajevima mo\u017eemo zatra\u017eiti da nam date Osobne podatke, primjerice kada koristite obrazac za narud\u017ebu za kupnju proizvoda i usluga koje nudimo, date komentare ili postavite pitanja, zatra\u017eite informacije, sudjelujete u promociji, natjecanju ili nagradnim igrama ili koristite druge zna\u010dajke ili funkcije Stranice. Prodavatelj ne\u0107e prikupljati Osobne podatke prilikom Va\u0161ih posjeta na\u0161im Stranicama ako nam ih ne dajete dobrovoljno, osim za odre\u0111ene stavke Osobnih podataka prikupljene putem informacijskih sustava i programa koji se koriste za rad web stranice, \u010diji je prijenos inherentan kori\u0161tenju internetskih komunikacijskih protokola (npr. IP adrese) i ne\u0107e zahtijevati vi\u0161e informacija nego \u0161to je potrebno za sudjelovanje u aktivnostima na na\u0161im Stranicama. Ako nam ne \u017eelite dati Osobne podatke (osim Osobnih podataka koji se odnose na upotrebu internetskih komunikacijskih protokola koji se obi\u010dno prikupljaju prilikom posjete web stranici), i dalje mo\u017eete pristupiti na\u0161im Stranicama, ali ne\u0107ete mo\u0107i sudjelovati u odre\u0111enim promocijama, izraditi vjerodajnice za prijavu da biste upotrebljavali odre\u0111ene funkcije na Stranicama, aktivirati ili koristiti uslugu, ispuniti narud\u017ebu ili dobiti informacije o proizvodu.<\/span><\/p>\n<p><span style=\"font-weight: 400;\">Odre\u0111ene stranice na Stranicama mogu vam omogu\u0107iti da izradite vjerodajnice za prijavu upisivanjem svog korisni\u010dkog imena\/ID ili e-mail adrese i lozinke i drugih informacija ili pomo\u0107u jedne od dostupnih metoda provjere autenti\u010dnosti putem dru\u0161tvenih mre\u017ea kao \u0161to su Facebook\u00ae, Google+\u00ae i Yahoo\u00ae. Ako odlu\u010dite izraditi vjerodajnice za prijavu putem svog ra\u010duna pomo\u0107u jednog od dostupnih alata dru\u0161tvenih mre\u017ea za provjeru autenti\u010dnosti, dopu\u0161tate nam da pristupimo Va\u0161im Osobnim podacima koji su javno dostupni ili koje ste u\u010dinili javno dostupnim (npr. ime, korisni\u010dki ID, profilna slika), te informacijama kojima &#8220;Dopustite&#8221; da Stranica pristupa. Stoga, putem autentifikacije putem jedne od opcija dru\u0161tvenih mre\u017ea, dopu\u0161tate nam da primimo Va\u0161e podatke koji su dostupni. Preporu\u010dujemo da pregledate relevantna pravila privatnosti tre\u0107ih strana i sve uvjete i odredbe za metodu koju odlu\u010dite koristiti za provjeru autenti\u010dnosti.<\/span><\/p>\n<p><span style=\"font-weight: 400;\">\u0160tovi\u0161e, kada se pove\u017eete sa Stranicom, postoje odre\u0111eni Osobni podaci (npr. IP adresa, postavke kupnje, zna\u010dajke za profiliranje) koji mogu uklju\u010divati identifikatore koji nam mogu omogu\u0107iti da na Va\u0161 ure\u0111aj \u0161aljemo prilago\u0111ene oglase, zajedno s tehni\u010dkim, ne-osobnim podacima koji sami po sebi ne mogu identificirati bilo kojeg pojedinca (&#8220;<\/span><b>Ne-osobni<\/b> <b>podaci<\/b><span style=\"font-weight: 400;\">&#8220;, npr. tip internetskog preglednika&#8221;) koji se mogu prikupljati i pohranjivati pomo\u0107u &#8220;kola\u010di\u0107a&#8221; i drugih tehnologija pra\u0107enja. Osim toga, druge strane, kao \u0161to su partneri za ogla\u0161avanje i davatelji analiza, mogu s Va\u0161im informiranim pristankom prikupljati informacije o Va\u0161oj mre\u017enoj aktivnosti u odre\u0111enom vremenskom periodu i preko Stranica. Ti podaci poma\u017eu nam da a\u017euriramo Stranicu tako da ostane zanimljiva na\u0161im posjetiteljima i da sadr\u017ee sadr\u017eaj prilago\u0111en interesima posjetitelja. Ako onemogu\u0107ite kola\u010di\u0107e, mo\u017eda ne\u0107emo mo\u0107i optimizirati Va\u0161 posjet Stranici, a neke zna\u010dajke na Stranici mo\u017eda ne\u0107e biti dostupne.<\/span><\/p>\n<p><b>Svrhe, pravni temelj obrade i mogu\u0107e posljedice nedavanja Osobnih podataka<\/b><\/p>\n<p><span style=\"font-weight: 400;\">Kada dajete Va\u0161e Osobne podatke na Stranici, ograni\u010dit \u0107emo kori\u0161tenje Osobnih podataka za svrhu za koju su prikupljeni u skladu s uvjetima ovih Pravila privatnosti. Kori\u0161tenje Va\u0161ih Osobnih podataka uklju\u010duje: <\/span><\/p>\n<ul>\n<li style=\"font-weight: 400;\"><span style=\"font-weight: 400;\">Poduzeti korake po Va\u0161em zahtjevu prije sklapanja ugovora (npr. odgovarati na Va\u0161a pitanja i komentare; ispuniti Va\u0161e zahtjeve, komunicirati s vama o Va\u0161im aktivnostima na Stranici);<\/span><\/li>\n<\/ul>\n<p>&nbsp;<\/p>\n<ul>\n<li style=\"font-weight: 400;\"><span style=\"font-weight: 400;\">Izvr\u0161iti ugovor kojem ste Vi ugovorna strana (npr. pru\u017eiti vam pristup odre\u0111enim podru\u010djima i zna\u010dajkama na Stranici; ispuniti Va\u0161u narud\u017ebu u vezi s kupovinom ili komercijalnim uslugama koje se nude na Stranici, pru\u017eiti usluge kupcima);<\/span><\/li>\n<\/ul>\n<p>&nbsp;<\/p>\n<ul>\n<li style=\"font-weight: 400;\"><span style=\"font-weight: 400;\">Istra\u017eiti sumnju na prijevaru, uznemiravanje, fizi\u010dke prijetnje ili druga kr\u0161enja bilo kojeg zakona, pravila ili propisa, pravila Stranice ili prava tre\u0107ih strana; ili istra\u017eiti bilo kakvo sumnjivo pona\u0161anje koje smatramo nepristojnim;<\/span><\/li>\n<\/ul>\n<p>&nbsp;<\/p>\n<ul>\n<li style=\"font-weight: 400;\"><span style=\"font-weight: 400;\">Pridr\u017eavanje zakonske obveze kojoj Prodavatelj podlije\u017ee (npr. za otkrivanja koja su propisana zakonom, propisom ili sudskim nalogom);<\/span><\/li>\n<\/ul>\n<p>&nbsp;<\/p>\n<ul>\n<li style=\"font-weight: 400;\"><span style=\"font-weight: 400;\">Za potrebe ili u vezi s pravnim postupcima, uspostavu, obranu ili ostvarivanje zakonskih prava;<\/span><\/li>\n<\/ul>\n<p>&nbsp;<\/p>\n<ul>\n<li style=\"font-weight: 400;\"><span style=\"font-weight: 400;\">slanje oglasa ili izravnih prodajnih materijala ili provo\u0111enje istra\u017eivanje tr\u017ei\u0161ta, provo\u0111enje analitike podataka ili isporuku komercijalnih komunikacija putem elektroni\u010dkih alata (SMS, e-mail, dru\u0161tvena mre\u017ea), bez obzira jesu li automatizirani (pozivi bez operatora) ili ne (pu\u017ena po\u0161ta i pozivi s operatorom), u skladu s odgovaraju\u0107im zakonskim osnovama;<\/span><\/li>\n<\/ul>\n<p>&nbsp;<\/p>\n<ul>\n<li style=\"font-weight: 400;\"><span style=\"font-weight: 400;\">davanje Va\u0161ih Osobnih podataka odabranim partnerima za ogla\u0161avanje za njihove marketin\u0161ke svrhe u skladu s odgovaraju\u0107im zakonskim osnovama.<\/span><\/li>\n<\/ul>\n<p>&nbsp;<\/p>\n<p><span style=\"font-weight: 400;\">Davanje Osobnih podataka za gore navedene svrhe od A do E je dobrovoljno, ali bilo kakvo odbijanje davanja takvih podataka mo\u017ee onemogu\u0107iti Prodavatelj da sklopi ugovor s vama, da odgovori na Va\u0161e zahtjeve, da izvr\u0161i Va\u0161e narud\u017ebe i da se pridr\u017eava pravnih obveze kojima Prodavatelj podlije\u017ee.<\/span><\/p>\n<p><span style=\"font-weight: 400;\">Dostavljanje Osobnih podataka za svrhe opisane u to\u010dkama F i G je tako\u0111er dobrovoljno; nedavanje takvih Osobnih podataka ili prigovor relevantnoj obradi podataka na odgovaraju\u0107im osnovama koje se odnose na Va\u0161u konkretnu situaciju, mo\u017ee sprije\u010diti Prodavatelj da \u0161alje oglasne ili izravne prodajne materijale ili da provodi istra\u017eivanje tr\u017ei\u0161ta, analitiku podataka ili isporu\u010duje komercijalne komunikacije i\/ili da Va\u0161e Osobne podatke dostavlja odabranim partnerima za ogla\u0161avanje za njihove marketin\u0161ke svrhe. Mi vas i dalje mo\u017eemo kontaktirati u administrativne svrhe, kao \u0161to je potvrda narud\u017ebe ili zahtijevanje Va\u0161ih daljnjih zahtjeva.<\/span><\/p>\n<p><b>Primatelji<\/b><\/p>\n<p><span style=\"font-weight: 400;\">Va\u0161i Osobni podaci mogu biti otkriveni, u uskoj vezi s gore navedenim svrhama, samo:<\/span><\/p>\n<ul>\n<li style=\"font-weight: 400;\"><span style=\"font-weight: 400;\">subjektima potrebnima za izvr\u0161avanje narud\u017ebe, isporuku paketa, slanje po\u0161te i e-po\u0161te, uklanjanje ponavljaju\u0107ih informacija s popisa kupaca, analiziranje podataka i pru\u017eanje marketin\u0161ke podr\u0161ke, obradu pla\u0107anja kreditnim karticama i pru\u017eanje korisni\u010dkih usluga, koji obi\u010dno obra\u0111uju Osobne podatke u ime Prodavatelj kao izvr\u0161itelji obrade;<\/span><\/li>\n<\/ul>\n<p>&nbsp;<\/p>\n<ul>\n<li style=\"font-weight: 400;\"><span style=\"font-weight: 400;\">osobama ovla\u0161tenima od Prodavatelj za obradu Osobnih podataka, koje su podvrgnute odgovaraju\u0107oj zakonskoj obvezi povjerljivosti (zaposlenici Prodavatelj);<\/span><\/li>\n<\/ul>\n<p>&nbsp;<\/p>\n<ul>\n<li style=\"font-weight: 400;\"><span style=\"font-weight: 400;\">slu\u017ebama za provo\u0111enje zakona i tijelima javne vlasti kada to zahtijeva mjerodavno pravo ili u dobroj vjeri (npr. da se pridr\u017eavaju odredbi zakona ili da se pridr\u017eavaju pravnih postupaka koji se pru\u017eaju na Prodavatelju; da za\u0161tite i brane prava ili imovinu Prodavatelja i ove Stranice, ili, da u hitnim okolnostima djeluju radi za\u0161tite osobne sigurnosti korisnika usluga Prodavatelja, njegovih Stranica ili javnosti);<\/span><\/li>\n<\/ul>\n<p>&nbsp;<\/p>\n<ul>\n<li style=\"font-weight: 400;\"><span style=\"font-weight: 400;\">poslovnim partnerima za njihove potrebe samo u skladu s odgovaraju\u0107im zakonskim osnovama.<\/span><\/li>\n<\/ul>\n<p>&nbsp;<\/p>\n<p><b>Prijenos Osobnih podataka u tre\u0107e zemlje<\/b><\/p>\n<p><span style=\"font-weight: 400;\">Prodavatelj mo\u017ee prenijeti Osobne podatke u tre\u0107e zemlje.<\/span><\/p>\n<p><b>Zadr\u017eavanje<\/b><\/p>\n<p><span style=\"font-weight: 400;\">Prodavatelj \u0107e obra\u0111ivati Va\u0161e Osobne podatke samo za vrijeme potrebno za postizanje svrha opisanih u odjeljku 2. S obzirom na svrhe opisane u odjeljcima 2.F i 2.G, Va\u0161i Osobni podaci bit \u0107e obra\u0111ivani sve dok ne iskoristite svoje pravo na prigovor ili ograni\u010dite obradu. Osim gore navedenog, Prodavatelj \u0107e zadr\u017eati Va\u0161e Osobne podatke za vrijeme potrebno ili dopu\u0161teno u skladu s va\u017ee\u0107im zakonom o za\u0161titi podataka.<\/span><\/p>\n<p><b>Va\u0161a prava<\/b><\/p>\n<p><span style=\"font-weight: 400;\">Prodavatelj vas obavje\u0161tava da, u skladu s i u opsegu koji dopu\u0161ta mjerodavno pravo, imate pravo zatra\u017eiti od Prodavatelja pristup i ispravljanje ili brisanje Osobnih podataka ili ograni\u010denja obrade u vezi s Va\u0161im Osobnim podacima ili prigovoriti relevantnoj aktivnosti obrade, te podnijeti \u017ealbu nadle\u017enom nadzornom tijelu. Tako\u0111er, imate pravo znati primatelje ili kategorije primatelja kojima su Va\u0161i Osobni podaci bili ili \u0107e biti otkriveni, posebno primateljima u tre\u0107im zemljama.<\/span><\/p>\n<p><b>Poveznice na druge stranice<\/b><\/p>\n<p><span style=\"font-weight: 400;\">Stranica mo\u017ee sadr\u017eavati poveznice na druge web stranice koje nisu u vlasni\u0161tvu, upravljane ili odr\u017eavane od strane Prodavatelja. Kada napustite Stranicu, trebate primijetiti i pro\u010ditati uvjete i pravila privatnosti svake web stranice koju posje\u0107ujete. Tako\u0111er, trebali biste samostalno procijeniti autenti\u010dnost bilo koje web stranice koja se doima ili tvrdi da je jedna od na\u0161ih Stranica (uklju\u010duju\u0107i one povezane putem e-po\u0161te). Unato\u010d svim poveznicama koje bi mogle postojati na Stranici, osim ako nije druga\u010dije navedeno, ne kontroliramo, preporu\u010dujemo ili ne podr\u017eavamo te nismo povezani s ovim web stranicama ili njihovim sadr\u017eajem, proizvodima, uslugama ili pravilima privatnosti. Preuzimanje materijala s odre\u0111enih web stranica mo\u017ee rezultirati povredom prava intelektualnog vlasni\u0161tva ili uvo\u0111enje virusa u Va\u0161 ra\u010dunalni sustav.<\/span><\/p>\n<p><b>Za\u0161tita privatnosti djece<\/b><\/p>\n<p><span style=\"font-weight: 400;\">Prodavatelj ozbiljno shva\u0107a za\u0161titu privatnosti djece. Upravljamo Stranicom u skladu sa svim va\u017ee\u0107im zakonima u jurisdikciji navedenoj u nastavku. Ne prikupljamo Osobne podatke od bilo koje osobe mla\u0111e od \u0161esnaest godina (16) ili, ako je dopu\u0161teno mjerodavnim pravom, mla\u0111e od trinaest godina (13). Djeca mla\u0111a od \u0161esnaest (16) godina ili, ako je dopu\u0161tena primjenjivim zakonom, mla\u0111a od trinaest (13) godina trebaju imati pristanak roditelja\/skrbnika prije davanja bilo kakvih Osobnih podataka Stranici. Ako utvrdimo da je korisnik ispod ove dobi, ne\u0107emo koristiti ni zadr\u017eavati njegove Osobne podatke bez privole njegovih\/njezinih roditelja\/skrbnika. Bez takve privole, dijete mo\u017eda ne\u0107e mo\u0107i sudjelovati u odre\u0111enim aktivnostima. Roditelj\/skrbnik mo\u017ee pregledati, ukloniti, mijenjati ili odbiti daljnje prikupljanje ili kori\u0161tenje Osobnih podataka svojeg djeteta ako nas kontaktira pomo\u0107u jedne od opcija navedenih u odjeljku &#8220;<\/span><b>Upravljanje Va\u0161im osobnim podacima<\/b><span style=\"font-weight: 400;\">&#8221; (molimo navedite djetetovo ime, adresu i email adresu).<\/span><\/p>\n<p><b>Sigurnosne prakse<\/b><\/p>\n<p><span style=\"font-weight: 400;\">Sigurnost Va\u0161ih Osobnih podataka iznimno nam je va\u017ena. Postavili smo odgovaraju\u0107e fizi\u010dke, elektroni\u010dke i upravlja\u010dke postupke kako bismo za\u0161titili podatke koje prikupljamo. Me\u0111utim, zbog inherentne otvorene prirode interneta, ne mo\u017eemo jam\u010diti da \u0107e komunikacija izme\u0111u vas i nas ili informacija pohranjenih na Stranici ili na na\u0161im poslu\u017eiteljima biti potpuno sigurna od neovla\u0161tenog pristupa tre\u0107ih strana, kao \u0161to su hakeri. Va\u0161a upotreba Stranice pokazuje Va\u0161 pristanak na ovaj rizik. U najve\u0107oj mjeri dopu\u0161tenoj mjerodavnim pravom, odri\u010demo se svake odgovornosti i odgovornosti za bilo kakvu \u0161tetu (uklju\u010duju\u0107i, ali ne ograni\u010davaju\u0107i se na, bilo koju i sve izravne, posebne, neizravne, posljedi\u010dne ili ka\u017enjive gubitke ili druge \u0161tete bilo koje vrste, bilo ugovorne (uklju\u010duju\u0107i i temeljnu povredu), izvanugovorne (uklju\u010duju\u0107i i nemarnost) ili na druge) koju ste mogli pretrpjeti zbog bilo kakvog gubitka, neovla\u0161tenog pristupa, zloupotrebe ili izmjene bilo kakvih informacija koje po\u0161aljete na Stranicu.<\/span><\/p>\n<p><b>Mjerodavno pravo\/jurisdikcija<\/b><\/p>\n<p><span style=\"font-weight: 400;\">Za sva pitanja koja se odnose na Stranicu i\/ili ova Pravila privatnosti mjerodavno je pravo Republike Hrvatske, bez upu\u0107ivanja na na\u010dela me\u0111unarodnog privatnog prava. Suglasni ste da \u0107e isklju\u010diva nadle\u017enost i mjesto odr\u017eavanja bilo kojeg pravnog postupka koji se odnosi na Stranicu i\/ili ova Pravila Privatnosti biti u odgovaraju\u0107im sudovima koji se nalaze u Republici Hrvatskoj. Ne jam\u010dimo niti impliciramo da Stranice ili sadr\u017eaj\/materijali na Stranicama prikladni za upotrebu izvan Republike Hrvatske. Informacije navedene na Stranicama koje se odnose na bilo koje proizvode ili usluge primjenjive su samo u Republici Hrvatskoj te ti proizvodi i usluge mo\u017eda nisu dostupni na svim lokacijama. Ako se nalazite izvan Republike Hrvatske, Vi ste isklju\u010divo odgovorni za po\u0161tivanje svih primjenjivih lokalnih zakona.<\/span><\/p>\n<p><b>Prijenos imovine<\/b><\/p>\n<p><span style=\"font-weight: 400;\">Tijekom svog poslovanja mo\u017eemo prodati ili kupiti imovinu. Ako drugi entitet stekne Prodavatelja ili svu ili gotovo svu na\u0161u imovinu, Osobni podaci i Ne-osobni podaci koje smo prikupili o korisnicima Stranica mogu se prenijeti na takvu osobu. Tako\u0111er, ako je protiv nas pokrenut bilo kakav postupak ste\u010daja ili reorganizacije, takvi se podaci mogu smatrati na\u0161om imovinom i mogu se prodati ili prenijeti tre\u0107im stranama.<\/span><\/p>\n<p><b>Salvatorna klauzula<\/b><\/p>\n<p><span style=\"font-weight: 400;\">Ako bilo koja odredba ovih Pravila privatnosti bude smatrana ili progla\u0161ena neva\u017ee\u0107om, nezakonitom ili neprovedivom iz bilo kojeg razloga od strane bilo kojeg zakona ili javne politike, takva se odredba ne primjenjuje u onoj mjeri u kojoj je neva\u017ee\u0107a ili neprovediva, a ostale odredbe se nastavljaju primjenjivati s punim pravnim u\u010dinkom.<\/span><\/p>\n<p><b>Promjene i a\u017euriranja na\u0161ih Pravila privatnosti<\/b><\/p>\n<p><span style=\"font-weight: 400;\">Prodavatelj pridr\u017eava pravo izmjene ili a\u017euriranja ovih Pravila privatnosti u bilo kojem trenutku i bez prethodne najave. Molimo Vas da s vremena na vrijeme provjerite sve izmjene ili a\u017euriranja na\u0161ih Pravila privatnosti, koja \u0107e biti objavljena ovdje i pokazivat \u0107e a\u017eurirani datum stupanja na snagu na prvoj stranici Pravila privatnosti ako bilo koje izmjene ili a\u017euriranja budu izvr\u0161ena.<\/span><\/p>\n<p><b>Kontakt informacije<\/b><\/p>\n<p><span style=\"font-weight: 400;\">Ako imate bilo kakvih pitanja ili komentara u vezi sa Stranicama ili ovim Pravilima privatnosti, mo\u017eete nas kontaktirati putem na\u0161eg online obrasca koji je dostupan na luxurybabyfashion.com (kliknite na vezu &#8220;<\/span><b>Kontaktirajte nas<\/b><span style=\"font-weight: 400;\">&#8220;) ili na sljede\u0107oj e-mail adresi <\/span><a href=\"mailto:info@luxurybabyfashion.com\"><span style=\"font-weight: 400;\">info@luxurybabyfashion.com<\/span><\/a> <span style=\"font-weight: 400;\">nazna\u010duju\u0107i zemlju iz koje pi\u0161ete.<\/span><\/p>\n<p>[\/et_pb_text][\/et_pb_column][\/et_pb_row][\/et_pb_section]<\/p>\n","protected":false},"excerpt":{"rendered":"<p>[et_pb_section bb_built=&#8221;1&#8243; background_color=&#8221;#f5dcd7&#8243; _builder_version=&#8221;3.0.106&#8243; custom_padding=&#8221;6px|0px|1px|0px&#8221; next_background_color=&#8221;#ffffff&#8221; global_module=&#8221;871&#8243;][et_pb_row global_parent=&#8221;871&#8243; custom_width_percent=&#8221;100%&#8221; _builder_version=&#8221;3.0.83&#8243; background_size=&#8221;initial&#8221; background_position=&#8221;top_left&#8221; background_repeat=&#8221;repeat&#8221;][et_pb_column type=&#8221;4_4&#8243;][et_pb_post_title global_parent=&#8221;871&#8243; meta=&#8221;off&#8221; featured_image=&#8221;off&#8221; text_color=&#8221;dark&#8221; _builder_version=&#8221;3.0.106&#8243; title_font_size=&#8221;35px&#8221; title=&#8221;on&#8221; author=&#8221;on&#8221; date=&#8221;on&#8221; categories=&#8221;on&#8221; comments=&#8221;on&#8221; featured_placement=&#8221;below&#8221; text_background=&#8221;off&#8221; \/][\/et_pb_column][\/et_pb_row][\/et_pb_section][et_pb_section bb_built=&#8221;1&#8243; prev_background_color=&#8221;#f5dcd7&#8243;][et_pb_row][et_pb_column type=&#8221;4_4&#8243;][et_pb_text _builder_version=&#8221;3.0.106&#8243; background_layout=&#8221;light&#8221;] PRAVILA PRIVATNOSTI Datum stupanja na snagu: 16.04.2018. Voditelj obrade Nata\u0161a Cifri\u0107, Letovani\u0107ka 38, 10000 Zagreb, OIB: 44601792682, vlasnica obrta LUXURY BABY FASHION, [&hellip;]<\/p>\n","protected":false},"author":1,"featured_media":0,"parent":0,"menu_order":0,"comment_status":"closed","ping_status":"closed","template":"","meta":{"_et_pb_use_builder":"on","_et_pb_old_content":"","_et_gb_content_width":"","footnotes":""},"class_list":["post-3871","page","type-page","status-publish","hentry"],"_links":{"self":[{"href":"https:\/\/luxurybabyfashion.com\/en\/wp-json\/wp\/v2\/pages\/3871"}],"collection":[{"href":"https:\/\/luxurybabyfashion.com\/en\/wp-json\/wp\/v2\/pages"}],"about":[{"href":"https:\/\/luxurybabyfashion.com\/en\/wp-json\/wp\/v2\/types\/page"}],"author":[{"embeddable":true,"href":"https:\/\/luxurybabyfashion.com\/en\/wp-json\/wp\/v2\/users\/1"}],"replies":[{"embeddable":true,"href":"https:\/\/luxurybabyfashion.com\/en\/wp-json\/wp\/v2\/comments?post=3871"}],"version-history":[{"count":0,"href":"https:\/\/luxurybabyfashion.com\/en\/wp-json\/wp\/v2\/pages\/3871\/revisions"}],"wp:attachment":[{"href":"https:\/\/luxurybabyfashion.com\/en\/wp-json\/wp\/v2\/media?parent=3871"}],"curies":[{"name":"wp","href":"https:\/\/api.w.org\/{rel}","templated":true}]}}