{"id":2957,"date":"2018-03-14T12:16:28","date_gmt":"2018-03-14T11:16:28","guid":{"rendered":"https:\/\/luxurybabyfashion.com\/o-nama\/"},"modified":"2018-04-12T10:28:41","modified_gmt":"2018-04-12T09:28:41","slug":"about-us","status":"publish","type":"page","link":"https:\/\/luxurybabyfashion.com\/en\/about-us\/","title":{"rendered":"About us"},"content":{"rendered":"<p>[et_pb_section fb_built=&#8221;1&#8243; fullwidth=&#8221;on&#8221; _builder_version=&#8221;3.0.47&#8243;][et_pb_nextend_smart_slider_3_fullwidth slider=&#8221;19&#8243; _builder_version=&#8221;3.0.106&#8243;]<\/p>\n<p>&lt;div class=&#8221;et_pb_module et-waypoint et_pb_nextend_smart_slider_3_fullwidth_1 et_pb_animation_off&#8221;&gt;Smart Slider &#8211; Please select a slider!&lt;\/div&gt;<\/p>\n<p>[\/et_pb_nextend_smart_slider_3_fullwidth][\/et_pb_section][et_pb_section fb_built=&#8221;1&#8243; _builder_version=&#8221;3.0.47&#8243;][et_pb_row _builder_version=&#8221;3.0.47&#8243; background_size=&#8221;initial&#8221; background_position=&#8221;top_left&#8221; background_repeat=&#8221;repeat&#8221;][et_pb_column type=&#8221;2_3&#8243; _builder_version=&#8221;3.0.47&#8243; parallax=&#8221;off&#8221; parallax_method=&#8221;on&#8221;][et_pb_text _builder_version=&#8221;3.0.106&#8243;]<\/p>\n<p>The name behind the Luxury Baby Fashion brand is Nata\u0161a Cifri\u0107 &#8211; a young entrepreneur and designer with a degree in Tourism.<br \/>Luxury Baby Fashion was born out of my love for fashion, details and photography. I had an idea about starting a fashion brand for a while, but I started following through with it when I found out I was pregnant with my daughter Nikol who is now brand&#8217;s main ambassador and model. <br \/>Nikol is my little princess and I wished and dreamed about her for years. When I found out that my dream was finally coming true, I started searching for the fabrics, little details and everything necessary to make all the things I was dreaming about for years.<\/p>\n<p>I made Baby nest for Nikol \u2013 the design I worked out myself down to the last detail, bed linen with ruffles, baby bodysuits with ruffles, bodysuits with lace and tulle, dresses and accessories\u2026everything was ready even before she was born and I could not wait for us to start enjoying all these wonderful items I designed and made especially for her. We received a lot of compliments and positive comments and, of course, I felt very proud. <br \/>And this is how the idea of starting Luxury Baby Fashion website was born \u2013 out of one mom&#8217;s love for fashion and the desire that other little princesses and princes also have unique and different clothing.<\/p>\n<p>[\/et_pb_text][\/et_pb_column][et_pb_column type=&#8221;1_3&#8243; _builder_version=&#8221;3.0.47&#8243; parallax=&#8221;off&#8221; parallax_method=&#8221;on&#8221;][et_pb_image src=&#8221;https:\/\/luxurybabyfashion.com\/wp-content\/uploads\/2018\/03\/mame-i-kceri-obraena-700&#215;900-1.jpg&#8221; _builder_version=&#8221;3.0.106&#8243; border_width_all=&#8221;10px&#8221; border_color_all=&#8221;#ffffff&#8221; box_shadow_style=&#8221;preset1&#8243;][\/et_pb_image][\/et_pb_column][\/et_pb_row][\/et_pb_section][et_pb_section fb_built=&#8221;1&#8243; background_color=&#8221;#f5dcd7&#8243; _builder_version=&#8221;3.0.106&#8243; custom_padding=&#8221;0|0px|0|0px&#8221;][et_pb_row custom_padding=&#8221;84px|0px|27px|0px&#8221; _builder_version=&#8221;3.0.47&#8243; background_size=&#8221;initial&#8221; background_position=&#8221;top_left&#8221; background_repeat=&#8221;repeat&#8221;][et_pb_column type=&#8221;4_4&#8243; _builder_version=&#8221;3.0.47&#8243; parallax=&#8221;off&#8221; parallax_method=&#8221;on&#8221;][et_pb_gallery gallery_ids=&#8221;2037,2036,2039,2040&#8243; gallery_captions=&#8221;,,,&#8221; posts_number=&#8221;4&#8243; orientation=&#8221;portrait&#8221; show_title_and_caption=&#8221;off&#8221; show_pagination=&#8221;off&#8221; box_shadow_style_image=&#8221;preset6&#8243; _builder_version=&#8221;3.0.106&#8243; caption_font=&#8221;||||||||&#8221; pagination_font=&#8221;||||||||&#8221; pagination_font_size_tablet=&#8221;51&#8243; pagination_line_height_tablet=&#8221;2&#8243; border_width_all=&#8221;10px&#8221; border_color_all=&#8221;#ffffff&#8221;][\/et_pb_gallery][\/et_pb_column][\/et_pb_row][\/et_pb_section][et_pb_section fb_built=&#8221;1&#8243; _builder_version=&#8221;3.0.47&#8243;][et_pb_row _builder_version=&#8221;3.0.47&#8243; background_size=&#8221;initial&#8221; background_position=&#8221;top_left&#8221; background_repeat=&#8221;repeat&#8221; custom_padding_phone=&#8221;||0px|&#8221; custom_padding_last_edited=&#8221;on|desktop&#8221;][et_pb_column type=&#8221;1_3&#8243; _builder_version=&#8221;3.0.47&#8243; parallax=&#8221;off&#8221; parallax_method=&#8221;on&#8221;][et_pb_image src=&#8221;https:\/\/luxurybabyfashion.com\/wp-content\/uploads\/2018\/03\/djevojcice-do-12-god-obraena-700&#215;900-1.jpg&#8221; _builder_version=&#8221;3.0.106&#8243; border_width_all=&#8221;10px&#8221; border_color_all=&#8221;#ffffff&#8221; box_shadow_style=&#8221;preset1&#8243;][\/et_pb_image][\/et_pb_column][et_pb_column type=&#8221;2_3&#8243; _builder_version=&#8221;3.0.47&#8243; parallax=&#8221;off&#8221; parallax_method=&#8221;on&#8221;][et_pb_text _builder_version=&#8221;3.0.106&#8243;]<\/p>\n<p><span style=\"font-weight: 400;\">The brand was created with great love and every item is made with maximum attention. As our audience could already see, our favorite colours: pastel pink and gold are a theme throughout the entire brand. I must confess we have become recognisible for this as well as the gold crown \u2013 our logo which is protected by the Croatian State Intellectual Property Office.<br \/>All our items have the gold crown and the name Luxury Baby Fashion.<br \/>In addition to making all our items with great love, I pay special attention to details and choose them with great care. As I also adore details in personal life, I am really happy I can show my creativity at work through my designs and all the particularities which are essential in every photo. <\/span><\/p>\n<p><span style=\"font-weight: 400;\"><br \/>I love presenting my clothes in the photos, and I like adding all the beautiful pastel and gold details which make my every photo unique and distinguished. <br \/>In the rich assortment of Luxury Baby Fashion you can find handmade items of my own design and of the finest quality.<br \/>If you are looking for unique and irresitible clothing, something different for your little princess, then Luxury Baby Fashion is the place for you.<\/span><\/p>\n<p>[\/et_pb_text][\/et_pb_column][\/et_pb_row][et_pb_row _builder_version=&#8221;3.0.106&#8243; background_size=&#8221;initial&#8221; background_position=&#8221;top_left&#8221; background_repeat=&#8221;repeat&#8221; custom_padding_phone=&#8221;0px|||&#8221; custom_padding_last_edited=&#8221;on|desktop&#8221;][et_pb_column type=&#8221;2_3&#8243; _builder_version=&#8221;3.0.47&#8243; parallax=&#8221;off&#8221; parallax_method=&#8221;on&#8221;][et_pb_text _builder_version=&#8221;3.0.106&#8243;]<\/p>\n<p>In our assortment, you can find the Baby nest \u2013 item I designed myself and was the first to introduce in the Croatian market, something I am extremely proud of. <br \/>LBF Baby nest is made for babies from their birth until 9 months old or even up to 1 year, it is specially designed for them.<\/p>\n<p>Baby nest is made of the finest quality fabric 100% satin cotton with beautiful lace border and a big satin bow which matches the colour of the nest.<br \/>Besides the outward appearance and design, I have paid a lot of attention to create the easiest way you can take out the filling and wash the outside fabric. <br \/>Baby nest will provide your baby with pleasant dreams from the first day of their life, and moms no longer have to be afraid to fall asleep next to their newborn baby. You simply lay the Baby nest next to you and enjoy the proximity of your little angel and have sweet dreams.<\/p>\n<p>In our assortment you can also find personalized bed linen with gold print, personalized pillowcases with a crown and the name of your prince or princess, small pillowcases with ruffles for basket strollers, canopy with ruflles, personalized baby bodysuits, glamurous dresses for special occasions, matching dresses and tunics for moms and their little princesses\u2026<br \/>Details like gold wings, gold crown, inscription \u201e Princess\u201c, gold hangers, shoes and the luxury box of our brand are a theme that goes throughout our entire story and photos -they are private property and our signature items.<\/p>\n<p>[\/et_pb_text][\/et_pb_column][et_pb_column type=&#8221;1_3&#8243; _builder_version=&#8221;3.0.47&#8243; parallax=&#8221;off&#8221; parallax_method=&#8221;on&#8221;][et_pb_image src=&#8221;https:\/\/luxurybabyfashion.com\/wp-content\/uploads\/2018\/03\/Baby-nest-baby-rozo-set1.jpg&#8221; _builder_version=&#8221;3.0.106&#8243; border_width_all=&#8221;10px&#8221; border_color_all=&#8221;#ffffff&#8221; box_shadow_style=&#8221;preset1&#8243;][\/et_pb_image][\/et_pb_column][\/et_pb_row][\/et_pb_section][et_pb_section fb_built=&#8221;1&#8243; background_color=&#8221;#f5dcd7&#8243; _builder_version=&#8221;3.0.106&#8243; custom_padding=&#8221;1px|0px|0|0px&#8221;][et_pb_row _builder_version=&#8221;3.0.47&#8243; background_size=&#8221;initial&#8221; background_position=&#8221;top_left&#8221; background_repeat=&#8221;repeat&#8221; custom_padding_phone=&#8221;||0px|&#8221; custom_padding_last_edited=&#8221;on|desktop&#8221;][et_pb_column type=&#8221;4_4&#8243; _builder_version=&#8221;3.0.47&#8243; parallax=&#8221;off&#8221; parallax_method=&#8221;on&#8221;][et_pb_text _builder_version=&#8221;3.0.106&#8243; header_font=&#8221;||||||||&#8221; header_2_font=&#8221;||||||||&#8221; header_2_text_align=&#8221;center&#8221; header_2_font_size=&#8221;40px&#8221;]<\/p>\n<h2>Media about us<\/h2>\n<p>[\/et_pb_text][\/et_pb_column][\/et_pb_row][et_pb_row _builder_version=&#8221;3.0.106&#8243; background_size=&#8221;initial&#8221; background_position=&#8221;top_left&#8221; background_repeat=&#8221;repeat&#8221; custom_padding_phone=&#8221;0px|||&#8221; custom_padding_last_edited=&#8221;on|desktop&#8221;][et_pb_column type=&#8221;1_2&#8243; _builder_version=&#8221;3.0.47&#8243; parallax=&#8221;off&#8221; parallax_method=&#8221;on&#8221;][et_pb_text _builder_version=&#8221;3.0.106&#8243; text_text_color=&#8221;#000000&#8243;]<\/p>\n<ul>\n<li><span style=\"color: #333333;\"><a style=\"color: #333333;\" href=\"https:\/\/happinessishomemade95.blogspot.hr\/2018\/03\/luxury-baby-fashion-ljubav-je-pokretac.html?m=1\">happinessishomemade95.<wbr \/>blogspot.hr:\u00a0Luxury Baby Fashion: ljubav je pokreta\u010d svega<\/a><\/span><\/li>\n<li><span style=\"color: #333333;\"><a style=\"color: #333333;\" href=\"https:\/\/jolie.hr\/moda\/vijesti-moda\/luxury-baby-fashion-novo-je-modno-odrediste-za-male-princeze-i-princeve\">jolie.hr: Luxury Baby Fashion novo je modno odredi\u0161te za male princeze i prin\u010deve!<\/a><\/span><\/li>\n<li><span style=\"color: #333333;\"><a style=\"color: #333333;\" href=\"https:\/\/jolie.hr\/moda\/vijesti-moda\/preslatka-ljetna-kampanja-brenda-luxury-baby-fashion\">jolie.hr: Preslatka ljetna kampanja brenda Luxury Baby Fashion<\/a><\/span><\/li>\n<li><span style=\"color: #333333;\"><a style=\"color: #333333;\" href=\"https:\/\/elegant.hr\/luxury-baby-fashion-nova-kolekcija\/\">elegant.hr:\u00a0NOVA KOLEKCIJA LUXURY BABY FASHION-A SVE MAME OSTAVLJA BEZ DAHA!<\/a><\/span><\/li>\n<li><span style=\"color: #333333;\"><a style=\"color: #333333;\" href=\"http:\/\/www.supermame.hr\/2017\/02\/20\/luxury-baby-fashion-kraljevska-moda-najmlade\/\">supermame.hr:\u00a0LUXURY BABY FASHION \u2013 KRALJEVSKA MODA ZA NAJMLA\u0110E<\/a><\/span><\/li>\n<li><span style=\"color: #333333;\"><a style=\"color: #333333;\" href=\"http:\/\/stilueta.net\/luxury-baby-fashion-domaci-brend-koji-ce-oduseviti-i-najmlade-princeze\/\">stilueta.net:\u00a0LUXURY BABY FASHION: DOMA\u0106I BREND KOJI \u0106E ODU\u0160EVITI I NAJMLA\u0110E PRINCEZE!<\/a><\/span><\/li>\n<\/ul>\n<p>[\/et_pb_text][\/et_pb_column][et_pb_column type=&#8221;1_2&#8243; _builder_version=&#8221;3.0.47&#8243; parallax=&#8221;off&#8221; parallax_method=&#8221;on&#8221;][et_pb_text _builder_version=&#8221;3.0.106&#8243;]<\/p>\n<ul>\n<li><span style=\"color: #333333;\">\u00a0<a style=\"color: #333333;\" href=\"http:\/\/www.stylish.com.hr\/post\/luxury-baby-fashion-hrvatski-brend-za-male-princeze\">stylish.com.hr:\u00a0LUXURY BABY FASHION- HRVATSKI BREND ZA MALE PRINCEZE<\/a><\/span><\/li>\n<li><span style=\"color: #333333;\"><a style=\"color: #333333;\" href=\"https:\/\/www.trudnoca.hr\/zanimljivosti\/novosti\/luxury-baby-fashion-prvi-predstavlja-baby-gnijezdo-na-nasem-trzistu\/\">trudnoca.hr:\u00a0Luxury Baby Fashion prvi predstavlja Baby gnijezdo na na\u0161em tr\u017ei\u0161tu!<\/a><\/span><\/li>\n<li><span style=\"color: #333333;\"><a style=\"color: #333333;\" href=\"https:\/\/net.hr\/zena\/moda\/preslatka-ljetna-kampanja-luxury-baby-fashion-donosi-romanticne-haljinice-za-male-princeze-i-njihove-mame\/#1\">net.hr:\u00a0Preslatka ljetna kampanja Luxury Baby Fashion donosi romanti\u010dne haljinice za male princeze i njihove mame<\/a><\/span><\/li>\n<li><span style=\"color: #333333;\"><a style=\"color: #333333;\" href=\"http:\/\/www.nacional.hr\/unikatne-haljinice-luxury-baby-fashiona\/\">nacional.hr:\u00a0Unikatne haljinice Luxury Baby Fashiona<\/a><\/span><\/li>\n<li><span style=\"color: #333333;\"><a style=\"color: #333333;\" href=\"http:\/\/www.covermagazin.com\/info\/?p=12125\">covermagazin.com:\u00a0Luxury Baby Fashion kolekcija za 2017.<\/a><\/span><\/li>\n<li><span style=\"color: #333333;\"><a style=\"color: #333333;\" href=\"https:\/\/jolie.hr\/moda\/vijesti-moda\/bozicna-bajka-luxury-baby-fashiona-za-one-najmanje\">jolie.hr:\u00a0Bo\u017ei\u0107na bajka Luxury Baby Fashiona za one najmanje<\/a><\/span><\/li>\n<\/ul>\n<p><span style=\"color: #333333;\">\u00a0<\/span><\/p>\n<p>&nbsp;<\/p>\n<p>&nbsp;<\/p>\n<p>[\/et_pb_text][\/et_pb_column][\/et_pb_row][\/et_pb_section]<\/p>\n","protected":false},"excerpt":{"rendered":"<p>[et_pb_section fb_built=&#8221;1&#8243; fullwidth=&#8221;on&#8221; _builder_version=&#8221;3.0.47&#8243;][et_pb_nextend_smart_slider_3_fullwidth slider=&#8221;19&#8243; _builder_version=&#8221;3.0.106&#8243;] &lt;div class=&#8221;et_pb_module et-waypoint et_pb_nextend_smart_slider_3_fullwidth_1 et_pb_animation_off&#8221;&gt;Smart Slider &#8211; Please select a slider!&lt;\/div&gt; [\/et_pb_nextend_smart_slider_3_fullwidth][\/et_pb_section][et_pb_section fb_built=&#8221;1&#8243; _builder_version=&#8221;3.0.47&#8243;][et_pb_row _builder_version=&#8221;3.0.47&#8243; background_size=&#8221;initial&#8221; background_position=&#8221;top_left&#8221; background_repeat=&#8221;repeat&#8221;][et_pb_column type=&#8221;2_3&#8243; _builder_version=&#8221;3.0.47&#8243; parallax=&#8221;off&#8221; parallax_method=&#8221;on&#8221;][et_pb_text _builder_version=&#8221;3.0.106&#8243;] The name behind the Luxury Baby Fashion brand is Nata\u0161a Cifri\u0107 &#8211; a young entrepreneur and designer with a degree in Tourism.Luxury Baby Fashion was born [&hellip;]<\/p>\n","protected":false},"author":1,"featured_media":0,"parent":0,"menu_order":0,"comment_status":"closed","ping_status":"closed","template":"","meta":{"_et_pb_use_builder":"on","_et_pb_old_content":"","_et_gb_content_width":"","footnotes":""},"class_list":["post-2957","page","type-page","status-publish","hentry"],"_links":{"self":[{"href":"https:\/\/luxurybabyfashion.com\/en\/wp-json\/wp\/v2\/pages\/2957"}],"collection":[{"href":"https:\/\/luxurybabyfashion.com\/en\/wp-json\/wp\/v2\/pages"}],"about":[{"href":"https:\/\/luxurybabyfashion.com\/en\/wp-json\/wp\/v2\/types\/page"}],"author":[{"embeddable":true,"href":"https:\/\/luxurybabyfashion.com\/en\/wp-json\/wp\/v2\/users\/1"}],"replies":[{"embeddable":true,"href":"https:\/\/luxurybabyfashion.com\/en\/wp-json\/wp\/v2\/comments?post=2957"}],"version-history":[{"count":0,"href":"https:\/\/luxurybabyfashion.com\/en\/wp-json\/wp\/v2\/pages\/2957\/revisions"}],"wp:attachment":[{"href":"https:\/\/luxurybabyfashion.com\/en\/wp-json\/wp\/v2\/media?parent=2957"}],"curies":[{"name":"wp","href":"https:\/\/api.w.org\/{rel}","templated":true}]}}